{"id":45,"date":"2023-05-15T23:22:40","date_gmt":"2023-05-16T03:22:40","guid":{"rendered":"https:\/\/tulaycobankent.av.tr\/?page_id=45"},"modified":"2023-09-25T12:01:12","modified_gmt":"2023-09-25T09:01:12","slug":"test","status":"publish","type":"page","link":"https:\/\/tulaycobankent.av.tr\/?page_id=45","title":{"rendered":"Ceza Hukuku"},"content":{"rendered":"\n<p><strong>CEZA HUKUKU<\/strong><\/p>\n\n\n\n<p>Ceza hukuku, su\u00e7lar\u0131 ve bunlar\u0131n cezalar\u0131n\u0131 inceleyen bir hukuk dal\u0131d\u0131r. Bir b\u00fct\u00fcn olarak topluma zararl\u0131 oldu\u011fu d\u00fc\u015f\u00fcn\u00fclen davran\u0131\u015flar nedeniyle bireylerin kovu\u015fturulmas\u0131n\u0131 i\u00e7erir. Ceza hukukunun temel amac\u0131, kamu g\u00fcvenli\u011fini ve d\u00fczenini sa\u011flamak ve su\u00e7 te\u015fkil eden davran\u0131\u015f\u0131 cayd\u0131rmakt\u0131r.<\/p>\n\n\n\n<p>Ceza hukuku, trafik ihlalleri gibi k\u00fc\u00e7\u00fck ihlallerden sald\u0131r\u0131, h\u0131rs\u0131zl\u0131k, uyu\u015fturucu ticareti ve cinayet gibi daha ciddi su\u00e7lara kadar geni\u015f bir su\u00e7 yelpazesini kapsar. Cezai kovu\u015fturma s\u00fcreci genellikle kolluk kuvvetleri taraf\u0131ndan yap\u0131lan bir soru\u015fturma ile ba\u015flar, ard\u0131ndan bir tutuklama ve resmi su\u00e7lamalar gelir. Yap\u0131lan soru\u015fturma ile \u015f\u00fcphelinin at\u0131l\u0131 su\u00e7lamay\u0131 i\u015fledi\u011fine ili\u015fkin yeterli \u015f\u00fcphenin olu\u015fmas\u0131 halinde iddianame d\u00fczenlenerek Mahkemeye sunulur. Mahkemenin iddianameyi kabul\u00fc ile kovu\u015fturma s\u00fcreci ba\u015flar. San\u0131\u011fa daha sonra mahkemede de kendini savunma f\u0131rsat\u0131 verilir. Savc\u0131n\u0131n \u015f\u00fcpheli hakk\u0131nda at\u0131l\u0131 su\u00e7lamay\u0131 i\u015fledi\u011fine y\u00f6nelik yeterli \u015f\u00fcphesinin olu\u015fmamas\u0131 halinde kovu\u015fturmaya yer olmad\u0131\u011f\u0131na karar\u0131 (takipsizlik) verilir.<\/p>\n\n\n\n<p>Ceza hukukunda ispat y\u00fck\u00fc, san\u0131\u011f\u0131n s\u00f6z konusu su\u00e7u i\u015fledi\u011fini makul bir \u015f\u00fcphenin \u00f6tesinde kan\u0131tlamas\u0131 gereken iddia makam\u0131ndad\u0131r. Su\u00e7un ara\u015ft\u0131r\u0131lmas\u0131 i\u00e7in makul \u015f\u00fcphe gerekirken san\u0131\u011f\u0131n kovu\u015fturulabilmesi i\u00e7in makul \u015f\u00fcpheden fazla yeterli \u015f\u00fcphe gerekmektedir. Bu yeterli \u015f\u00fcphe ise, eldeki delillere g\u00f6re san\u0131\u011f\u0131n beraat etmesinden \u00e7ok ceza alma durumunun s\u00f6z konusu oldu\u011fu hallerde ge\u00e7erlidir. San\u0131k su\u00e7lu bulunursa para cezas\u0131, denetimli serbestlik, hapis olmak \u00fczere bir dizi cezayla kar\u015f\u0131 kar\u015f\u0131ya kalabilir.<\/p>\n\n\n\n<p>Ceza hukuku, bireylerin ve bir b\u00fct\u00fcn olarak toplumun g\u00fcvenli\u011fini ve refah\u0131n\u0131 korumaya yard\u0131mc\u0131 oldu\u011fu i\u00e7in hukukun \u00f6nemli bir alan\u0131d\u0131r. Polis, savc\u0131lar ve mahkemeler dahil olmak \u00fczere \u00e7e\u015fitli kolluk kuvvetleri taraf\u0131ndan uygulan\u0131r ve su\u00e7 ma\u011fdurlar\u0131na adalet sa\u011flamak ve su\u00e7lular\u0131 eylemlerinden sorumlu tutmak i\u00e7in tasarlanm\u0131\u015ft\u0131r.<\/p>\n\n\n\n<p>Ceza hukukunda ama\u00e7 su\u00e7lular\u0131 eylemlerinden sorumlu tutmak olmak kadar lehine d\u00fczenlemeler getirerek su\u00e7lunun hak etti\u011fi cezay\u0131 almas\u0131n\u0131 ya da su\u00e7 i\u015flenmesine ra\u011fmen hi\u00e7 ceza almamas\u0131n\u0131 sa\u011flar. Mesela haks\u0131z tahrikte, di\u011fer ki\u015finin b\u00f6yle bir davran\u0131\u015f\u0131 hakl\u0131 \u00e7\u0131karacak hi\u00e7bir \u015fey yapmam\u0131\u015f olmas\u0131na ra\u011fmen, bir ki\u015finin ba\u015fka bir ki\u015fiyi k\u0131\u015fk\u0131rtmay\u0131 ama\u00e7layan bir \u015fekilde kas\u0131tl\u0131 olarak davrand\u0131\u011f\u0131 bir durumu ifade eder. Bu durumda elbette kanun koyucu haks\u0131z tahrike u\u011frayan ki\u015fiyi de koruyan d\u00fczenlemeler getirmi\u015ftir. Bu ve benzeri san\u0131k, \u015f\u00fcpheli, m\u00fc\u015fteki lehine d\u00fczenlemelerin avukat arac\u0131l\u0131\u011f\u0131 takibi bireylerin yarar\u0131na olacakt\u0131r.<\/p>\n","protected":false},"excerpt":{"rendered":"<p>CEZA HUKUKU Ceza hukuku, su\u00e7lar\u0131 ve bunlar\u0131n cezalar\u0131n\u0131 inceleyen bir hukuk dal\u0131d\u0131r. Bir b\u00fct\u00fcn olarak topluma zararl\u0131 oldu\u011fu d\u00fc\u015f\u00fcn\u00fclen davran\u0131\u015flar nedeniyle bireylerin kovu\u015fturulmas\u0131n\u0131 i\u00e7erir. Ceza hukukunun temel amac\u0131, kamu g\u00fcvenli\u011fini ve d\u00fczenini sa\u011flamak ve su\u00e7 te\u015fkil eden davran\u0131\u015f\u0131 cayd\u0131rmakt\u0131r. Ceza hukuku, trafik ihlalleri gibi k\u00fc\u00e7\u00fck ihlallerden sald\u0131r\u0131, h\u0131rs\u0131zl\u0131k, uyu\u015fturucu ticareti ve cinayet gibi daha ciddi [&hellip;]<\/p>\n","protected":false},"author":1,"featured_media":108,"parent":20,"menu_order":2,"comment_status":"closed","ping_status":"closed","template":"","meta":{"footnotes":""},"class_list":["post-45","page","type-page","status-publish","has-post-thumbnail","hentry"],"_links":{"self":[{"href":"https:\/\/tulaycobankent.av.tr\/index.php?rest_route=\/wp\/v2\/pages\/45","targetHints":{"allow":["GET"]}}],"collection":[{"href":"https:\/\/tulaycobankent.av.tr\/index.php?rest_route=\/wp\/v2\/pages"}],"about":[{"href":"https:\/\/tulaycobankent.av.tr\/index.php?rest_route=\/wp\/v2\/types\/page"}],"author":[{"embeddable":true,"href":"https:\/\/tulaycobankent.av.tr\/index.php?rest_route=\/wp\/v2\/users\/1"}],"replies":[{"embeddable":true,"href":"https:\/\/tulaycobankent.av.tr\/index.php?rest_route=%2Fwp%2Fv2%2Fcomments&post=45"}],"version-history":[{"count":4,"href":"https:\/\/tulaycobankent.av.tr\/index.php?rest_route=\/wp\/v2\/pages\/45\/revisions"}],"predecessor-version":[{"id":115,"href":"https:\/\/tulaycobankent.av.tr\/index.php?rest_route=\/wp\/v2\/pages\/45\/revisions\/115"}],"up":[{"embeddable":true,"href":"https:\/\/tulaycobankent.av.tr\/index.php?rest_route=\/wp\/v2\/pages\/20"}],"wp:featuredmedia":[{"embeddable":true,"href":"https:\/\/tulaycobankent.av.tr\/index.php?rest_route=\/wp\/v2\/media\/108"}],"wp:attachment":[{"href":"https:\/\/tulaycobankent.av.tr\/index.php?rest_route=%2Fwp%2Fv2%2Fmedia&parent=45"}],"curies":[{"name":"wp","href":"https:\/\/api.w.org\/{rel}","templated":true}]}}