{"id":25,"date":"2023-05-15T23:03:44","date_gmt":"2023-05-16T03:03:44","guid":{"rendered":"https:\/\/tulaycobankent.av.tr\/?page_id=25"},"modified":"2023-10-02T00:34:18","modified_gmt":"2023-10-01T21:34:18","slug":"iletisim","status":"publish","type":"page","link":"https:\/\/tulaycobankent.av.tr\/?page_id=25","title":{"rendered":"\u0130leti\u015fim"},"content":{"rendered":"\n<p><strong>Adres<\/strong>: Donanmac\u0131 Mah. H\u00fcseyin \u00c7a\u011flayan Sok. No:8 D:401 Kemal Ecer \u0130\u015f Merkezi Kar\u015f\u0131yaka\/\u0130ZM\u0130R<\/p>\n\n\n\n<p><strong>E-Mail:<\/strong> tulaycobankent@gmail.com<\/p>\n\n\n\n<p><strong>GSM: <\/strong>0 (553) 473 6917<\/p>\n","protected":false},"excerpt":{"rendered":"<p>Adres: Donanmac\u0131 Mah. H\u00fcseyin \u00c7a\u011flayan Sok. No:8 D:401 Kemal Ecer \u0130\u015f Merkezi Kar\u015f\u0131yaka\/\u0130ZM\u0130R E-Mail: tulaycobankent@gmail.com GSM: 0 (553) 473 6917<\/p>\n","protected":false},"author":1,"featured_media":183,"parent":0,"menu_order":0,"comment_status":"closed","ping_status":"closed","template":"","meta":{"footnotes":""},"class_list":["post-25","page","type-page","status-publish","has-post-thumbnail","hentry"],"_links":{"self":[{"href":"https:\/\/tulaycobankent.av.tr\/index.php?rest_route=\/wp\/v2\/pages\/25","targetHints":{"allow":["GET"]}}],"collection":[{"href":"https:\/\/tulaycobankent.av.tr\/index.php?rest_route=\/wp\/v2\/pages"}],"about":[{"href":"https:\/\/tulaycobankent.av.tr\/index.php?rest_route=\/wp\/v2\/types\/page"}],"author":[{"embeddable":true,"href":"https:\/\/tulaycobankent.av.tr\/index.php?rest_route=\/wp\/v2\/users\/1"}],"replies":[{"embeddable":true,"href":"https:\/\/tulaycobankent.av.tr\/index.php?rest_route=%2Fwp%2Fv2%2Fcomments&post=25"}],"version-history":[{"count":2,"href":"https:\/\/tulaycobankent.av.tr\/index.php?rest_route=\/wp\/v2\/pages\/25\/revisions"}],"predecessor-version":[{"id":184,"href":"https:\/\/tulaycobankent.av.tr\/index.php?rest_route=\/wp\/v2\/pages\/25\/revisions\/184"}],"wp:featuredmedia":[{"embeddable":true,"href":"https:\/\/tulaycobankent.av.tr\/index.php?rest_route=\/wp\/v2\/media\/183"}],"wp:attachment":[{"href":"https:\/\/tulaycobankent.av.tr\/index.php?rest_route=%2Fwp%2Fv2%2Fmedia&parent=25"}],"curies":[{"name":"wp","href":"https:\/\/api.w.org\/{rel}","templated":true}]}}