{"id":23,"date":"2023-05-15T23:03:44","date_gmt":"2023-05-16T03:03:44","guid":{"rendered":"https:\/\/tulaycobankent.av.tr\/?page_id=23"},"modified":"2025-09-16T20:06:13","modified_gmt":"2025-09-16T17:06:13","slug":"kurumsal","status":"publish","type":"page","link":"https:\/\/tulaycobankent.av.tr\/?page_id=23","title":{"rendered":"Hakk\u0131m\u0131zda"},"content":{"rendered":"\n<p><\/p>\n\n\n<div class=\"wp-block-image is-style-rounded\">\n<figure class=\"aligncenter size-large is-resized\"><img loading=\"lazy\" decoding=\"async\" width=\"683\" height=\"1024\" src=\"https:\/\/tulaycobankent.av.tr\/wp-content\/uploads\/2023\/06\/avukattulaycobankent-2-683x1024.jpg\" alt=\"\" class=\"wp-image-57\" style=\"width:157px;height:236px\" srcset=\"https:\/\/tulaycobankent.av.tr\/wp-content\/uploads\/2023\/06\/avukattulaycobankent-2-683x1024.jpg 683w, https:\/\/tulaycobankent.av.tr\/wp-content\/uploads\/2023\/06\/avukattulaycobankent-2-200x300.jpg 200w, https:\/\/tulaycobankent.av.tr\/wp-content\/uploads\/2023\/06\/avukattulaycobankent-2.jpg 709w\" sizes=\"auto, (max-width: 683px) 100vw, 683px\" \/><\/figure><\/div>\n\n\n<p>Hukuk b\u00fcromuzun kurucu avukat\u0131 T\u00fclay \u00c7OBANKENT, lisans e\u011fitimini Dokuz Eyl\u00fcl \u00dcniversitesi Hukuk Fak\u00fcltesi\u2019nde tamamlam\u0131\u015ft\u0131r.<\/p>\n\n\n\n<p>Dokuz Eyl\u00fcl \u00dcniversitesi Hukuk Fak\u00fcltesi\u2019nden mezun olduktan sonra ayr\u0131ca Anadolu \u00dcniversitesi D\u0131\u015f Ticaret B\u00f6l\u00fcm\u00fc\u2019nden de mezun olmu\u015ftur.<br><br>Hukuk sisteminde yer alan aksakl\u0131klar\u0131 yergi amac\u0131yla hukuk alan\u0131nda karikat\u00fcrler \u00e7izmektedir.<\/p>\n\n\n\n<p>T\u00fcrkiye Cumhuriyeti Adalet Bakanl\u0131\u011f\u0131&#8217;na ba\u011fl\u0131 sicile kay\u0131tl\u0131 arabulucudur. \u0130\u015f Hukuku ve Ticaret Hukuku, T\u00fcketici Hukuku, Sigorta Hukuku, Fikri M\u00fclkiyet Hukuku ve Sa\u011fl\u0131k Hukuku alanlar\u0131nda uzmanl\u0131klar\u0131 vard\u0131r.<\/p>\n\n\n\n<p>Avukatl\u0131k staj\u0131n\u0131 \u0130zmir&nbsp;Barosu\u2019nda tamamlayarak avukatl\u0131k ruhsat\u0131n\u0131 alan Avukat T\u00fclay \u00c7OBANKENT halen \u0130zmir\u2019de serbest avukatl\u0131k ve arabuluculuk yapmaktad\u0131r.<\/p>\n\n\n\n<p>Dan\u0131\u015fmanl\u0131k, Avukatl\u0131k ve Arabuluculuk Hizmetleri i\u00e7in 0553 473 69 17<\/p>\n","protected":false},"excerpt":{"rendered":"<p>Hukuk b\u00fcromuzun kurucu avukat\u0131 T\u00fclay \u00c7OBANKENT, lisans e\u011fitimini Dokuz Eyl\u00fcl \u00dcniversitesi Hukuk Fak\u00fcltesi\u2019nde tamamlam\u0131\u015ft\u0131r. Dokuz Eyl\u00fcl \u00dcniversitesi Hukuk Fak\u00fcltesi\u2019nden mezun olduktan sonra ayr\u0131ca Anadolu \u00dcniversitesi D\u0131\u015f Ticaret B\u00f6l\u00fcm\u00fc\u2019nden de mezun olmu\u015ftur. Hukuk sisteminde yer alan aksakl\u0131klar\u0131 yergi amac\u0131yla hukuk alan\u0131nda karikat\u00fcrler \u00e7izmektedir. T\u00fcrkiye Cumhuriyeti Adalet Bakanl\u0131\u011f\u0131&#8217;na ba\u011fl\u0131 sicile kay\u0131tl\u0131 arabulucudur. \u0130\u015f Hukuku ve Ticaret Hukuku, [&hellip;]<\/p>\n","protected":false},"author":1,"featured_media":0,"parent":0,"menu_order":0,"comment_status":"closed","ping_status":"closed","template":"","meta":{"footnotes":""},"class_list":["post-23","page","type-page","status-publish","hentry"],"_links":{"self":[{"href":"https:\/\/tulaycobankent.av.tr\/index.php?rest_route=\/wp\/v2\/pages\/23","targetHints":{"allow":["GET"]}}],"collection":[{"href":"https:\/\/tulaycobankent.av.tr\/index.php?rest_route=\/wp\/v2\/pages"}],"about":[{"href":"https:\/\/tulaycobankent.av.tr\/index.php?rest_route=\/wp\/v2\/types\/page"}],"author":[{"embeddable":true,"href":"https:\/\/tulaycobankent.av.tr\/index.php?rest_route=\/wp\/v2\/users\/1"}],"replies":[{"embeddable":true,"href":"https:\/\/tulaycobankent.av.tr\/index.php?rest_route=%2Fwp%2Fv2%2Fcomments&post=23"}],"version-history":[{"count":8,"href":"https:\/\/tulaycobankent.av.tr\/index.php?rest_route=\/wp\/v2\/pages\/23\/revisions"}],"predecessor-version":[{"id":205,"href":"https:\/\/tulaycobankent.av.tr\/index.php?rest_route=\/wp\/v2\/pages\/23\/revisions\/205"}],"wp:attachment":[{"href":"https:\/\/tulaycobankent.av.tr\/index.php?rest_route=%2Fwp%2Fv2%2Fmedia&parent=23"}],"curies":[{"name":"wp","href":"https:\/\/api.w.org\/{rel}","templated":true}]}}