{"id":20,"date":"2023-05-15T23:03:44","date_gmt":"2023-05-16T03:03:44","guid":{"rendered":"https:\/\/tulaycobankent.av.tr\/?page_id=20"},"modified":"2023-09-25T11:56:26","modified_gmt":"2023-09-25T08:56:26","slug":"avukat-hizmetleri","status":"publish","type":"page","link":"https:\/\/tulaycobankent.av.tr\/?page_id=20","title":{"rendered":"Avukat Hizmetleri"},"content":{"rendered":"\n<figure class=\"wp-block-image size-large\"><img loading=\"lazy\" decoding=\"async\" width=\"1024\" height=\"427\" src=\"https:\/\/tulaycobankent.av.tr\/wp-content\/uploads\/2023\/05\/shutterstock_1060957841-1920x800-1-1024x427.jpg\" alt=\"\" class=\"wp-image-11\" srcset=\"https:\/\/tulaycobankent.av.tr\/wp-content\/uploads\/2023\/05\/shutterstock_1060957841-1920x800-1-1024x427.jpg 1024w, https:\/\/tulaycobankent.av.tr\/wp-content\/uploads\/2023\/05\/shutterstock_1060957841-1920x800-1-300x125.jpg 300w, https:\/\/tulaycobankent.av.tr\/wp-content\/uploads\/2023\/05\/shutterstock_1060957841-1920x800-1-768x320.jpg 768w, https:\/\/tulaycobankent.av.tr\/wp-content\/uploads\/2023\/05\/shutterstock_1060957841-1920x800-1-1536x640.jpg 1536w, https:\/\/tulaycobankent.av.tr\/wp-content\/uploads\/2023\/05\/shutterstock_1060957841-1920x800-1.jpg 1920w\" sizes=\"auto, (max-width: 1024px) 100vw, 1024px\" \/><\/figure>\n\n\n\n<p><\/p>\n\n\n\n<p><strong>NEDEN B\u0130R AVUKAT \u0130LE \u00c7ALI\u015eMALISINIZ?<\/strong><\/p>\n\n\n\n<p>Bir avukat, m\u00fcvekkillerine hukuki tavsiye ve temsil sa\u011flamak \u00fczere e\u011fitilmi\u015f ve ruhsatland\u0131r\u0131lm\u0131\u015f bir hukuk uzman\u0131d\u0131r. Avukatlar, ceza hukuku, aile hukuku, \u015firketler hukuku, fikri m\u00fclkiyet hukuku ve daha fazlas\u0131 gibi hukukun farkl\u0131 alanlar\u0131nda uzmanla\u015fabilirler.<\/p>\n\n\n\n<p>Avukatlar, bireylere ve kurulu\u015flara karma\u015f\u0131k yasal sorunlar ve anla\u015fmazl\u0131klar konusunda yard\u0131mc\u0131 olarak toplumumuzda \u00f6nemli bir rol oynar. Hukuki konularda tavsiye ve rehberlik sa\u011flarlar, yasal belgeler haz\u0131rlarlar, anla\u015fmalar\u0131 m\u00fczakere ederler ve mahkeme i\u015flemlerinde m\u00fcvekkilleri temsil ederler.<\/p>\n\n\n\n<p>Bir avukat tutman\u0131n a\u015fa\u011f\u0131dakiler de dahil olmak \u00fczere bir\u00e7ok faydas\u0131 vard\u0131r:<\/p>\n\n\n\n<p>Yasal uzmanl\u0131k: Avukatlar, hukuk ve yasal prosed\u00fcrler hakk\u0131nda derin bir anlay\u0131\u015fa sahiptir, bu da onlar\u0131n yasal konularda de\u011ferli i\u00e7g\u00f6r\u00fcler ve tavsiyeler sa\u011flamalar\u0131na olanak tan\u0131r.<\/p>\n\n\n\n<p>Rehberlik ve tavsiye: Avukatlar, s\u00f6zle\u015fmeler, istihdam anla\u015fmazl\u0131klar\u0131, ki\u015fisel yaralanma iddialar\u0131 ve daha fazlas\u0131 dahil olmak \u00fczere \u00e7ok \u00e7e\u015fitli yasal konularda rehberlik ve tavsiye sa\u011flayabilir.<\/p>\n\n\n\n<p>Temsil: Avukatlar, duru\u015fmalar, duru\u015fmalar ve temyizler dahil olmak \u00fczere mahkeme i\u015flemlerinde m\u00fcvekkillerini temsil edebilir.<\/p>\n\n\n\n<p>M\u00fczakere becerileri: Avukatlar, m\u00fcvekkillerinin hukuki ihtilaflarda lehte anla\u015fmalara varmalar\u0131na yard\u0131mc\u0131 olabilecek yetenekli arabuluculard\u0131r.<\/p>\n\n\n\n<p>Yasal haklar\u0131n korunmas\u0131: Avukatlar, m\u00fcvekkillerinin yasal haklar\u0131n\u0131n ve \u00e7\u0131karlar\u0131n\u0131n korunmas\u0131na yard\u0131mc\u0131 olabilir ve onlara yasalar \u00e7er\u00e7evesinde adil ve adil davran\u0131lmas\u0131n\u0131 sa\u011flayabilir.<\/p>\n\n\n\n<p>Bir avukat se\u00e7erken, hukuki sorununuzla ilgili hukuk alan\u0131nda deneyime sahip birini bulman\u0131z esast\u0131r. Ayr\u0131ca duyarl\u0131, ileti\u015fim kurabilen, g\u00fcvenilir ve \u00e7\u0131karlar\u0131n\u0131z\u0131 en iyi \u015fekilde temsil etmeye kendini adam\u0131\u015f bir avukat aramal\u0131s\u0131n\u0131z.<\/p>\n\n\n\n<p>Genel olarak, bir avukat tutmak, yasal sorunlarla veya ihtilaflarla kar\u015f\u0131 kar\u015f\u0131ya kalan ki\u015fi ve kurulu\u015flar i\u00e7in paha bi\u00e7ilmez bir yat\u0131r\u0131m olabilir. Yasal tavsiyeye veya temsile ihtiyac\u0131n\u0131z varsa, haklar\u0131n\u0131z\u0131n ve \u00e7\u0131karlar\u0131n\u0131z\u0131n korunmas\u0131n\u0131 sa\u011flamak i\u00e7in nitelikli bir hukuk uzman\u0131na dan\u0131\u015fman\u0131z \u00f6nemlidir.<\/p>\n","protected":false},"excerpt":{"rendered":"<p>NEDEN B\u0130R AVUKAT \u0130LE \u00c7ALI\u015eMALISINIZ? Bir avukat, m\u00fcvekkillerine hukuki tavsiye ve temsil sa\u011flamak \u00fczere e\u011fitilmi\u015f ve ruhsatland\u0131r\u0131lm\u0131\u015f bir hukuk uzman\u0131d\u0131r. Avukatlar, ceza hukuku, aile hukuku, \u015firketler hukuku, fikri m\u00fclkiyet hukuku ve daha fazlas\u0131 gibi hukukun farkl\u0131 alanlar\u0131nda uzmanla\u015fabilirler. Avukatlar, bireylere ve kurulu\u015flara karma\u015f\u0131k yasal sorunlar ve anla\u015fmazl\u0131klar konusunda yard\u0131mc\u0131 olarak toplumumuzda \u00f6nemli bir rol oynar. [&hellip;]<\/p>\n","protected":false},"author":1,"featured_media":0,"parent":0,"menu_order":0,"comment_status":"closed","ping_status":"closed","template":"","meta":{"footnotes":""},"class_list":["post-20","page","type-page","status-publish","hentry"],"_links":{"self":[{"href":"https:\/\/tulaycobankent.av.tr\/index.php?rest_route=\/wp\/v2\/pages\/20","targetHints":{"allow":["GET"]}}],"collection":[{"href":"https:\/\/tulaycobankent.av.tr\/index.php?rest_route=\/wp\/v2\/pages"}],"about":[{"href":"https:\/\/tulaycobankent.av.tr\/index.php?rest_route=\/wp\/v2\/types\/page"}],"author":[{"embeddable":true,"href":"https:\/\/tulaycobankent.av.tr\/index.php?rest_route=\/wp\/v2\/users\/1"}],"replies":[{"embeddable":true,"href":"https:\/\/tulaycobankent.av.tr\/index.php?rest_route=%2Fwp%2Fv2%2Fcomments&post=20"}],"version-history":[{"count":4,"href":"https:\/\/tulaycobankent.av.tr\/index.php?rest_route=\/wp\/v2\/pages\/20\/revisions"}],"predecessor-version":[{"id":111,"href":"https:\/\/tulaycobankent.av.tr\/index.php?rest_route=\/wp\/v2\/pages\/20\/revisions\/111"}],"wp:attachment":[{"href":"https:\/\/tulaycobankent.av.tr\/index.php?rest_route=%2Fwp%2Fv2%2Fmedia&parent=20"}],"curies":[{"name":"wp","href":"https:\/\/api.w.org\/{rel}","templated":true}]}}