{"id":2,"date":"2023-05-15T22:46:22","date_gmt":"2023-05-16T02:46:22","guid":{"rendered":"https:\/\/tulaycobankent.av.tr\/?page_id=2"},"modified":"2023-09-29T12:28:07","modified_gmt":"2023-09-29T09:28:07","slug":"sample-page","status":"publish","type":"page","link":"https:\/\/tulaycobankent.av.tr\/?page_id=2","title":{"rendered":"Aile Hukuku"},"content":{"rendered":"\n<p><strong>Aile hukuku<\/strong>, evlilik, bo\u015fanma, \u00e7ocuk velayeti, nafaka, evlat edinme ve di\u011fer ilgili konular gibi aile ili\u015fkileriyle ilgili konular\u0131 ele alan bir hukuk uygulama alan\u0131d\u0131r. Aile hukukunun birincil odak noktas\u0131, aile i\u00e7i anla\u015fmazl\u0131klar veya aile ili\u015fkilerini etkileyen sorunlarla kar\u015f\u0131 kar\u015f\u0131ya kalan bireylere veya ailelere yasal \u00e7\u00f6z\u00fcmler sa\u011flamakt\u0131r. Aile hukuku konular\u0131 asil taraf\u0131ndan takip edilebilece\u011fi gibi avukat arac\u0131l\u0131\u011f\u0131 ile de takibi yap\u0131labilir. Ancak aile hukukuna ili\u015fkin hususlar ki\u015fileri birinci derecede etkiledi\u011finden takibinin bir avukat taraf\u0131ndan yap\u0131lmas\u0131 manevi olarak en az etkilenmelerine yard\u0131mc\u0131 olacakt\u0131r. Ayr\u0131ca vatanda\u015flar\u0131n yasal se\u00e7enekleri hakk\u0131nda bilin\u00e7li kararlar vermelerine yard\u0131mc\u0131 olmak i\u00e7in yasal tavsiye ve rehberlik sa\u011flayabilece\u011finden hak kayb\u0131na u\u011framalar\u0131n\u0131n da \u00f6n\u00fcne ge\u00e7ilecektir.<\/p>\n\n\n\n<p><strong>EVLENME<\/strong><\/p>\n\n\n\n<p>&nbsp;&nbsp;&nbsp;&nbsp;&nbsp;&nbsp;&nbsp;&nbsp;&nbsp;&nbsp;&nbsp;&nbsp;&nbsp;&nbsp; Birbiriyle evlenecek on yedi ya\u015f\u0131n\u0131 doldurmu\u015f erkek ve kad\u0131n, i\u00e7lerinden birinin oturdu\u011fu yer evlendirme memurlu\u011funa birlikte s\u00f6zl\u00fc veya yaz\u0131l\u0131 ba\u015fvururlar. Bu ya\u015f s\u0131n\u0131r\u0131 ola\u011fan\u00fcst\u00fc hallerde h\u00e2kim karar\u0131 ile pek \u00f6nemli bir sebeple onalt\u0131 ya\u015f\u0131n\u0131 doldurmu\u015f olan erkek veya kad\u0131n\u0131n evlenmesine izin verebilir. Gerekli belgelerin de evlendirme memurlu\u011funa verilmesinin ard\u0131ndan evlendirme memuru, evlenme ko\u015fullar\u0131n\u0131n varl\u0131\u011f\u0131n\u0131 tespit ederse evlenme t\u00f6reni ay\u0131rt etme g\u00fcc\u00fcne sahip iki tan\u0131\u011f\u0131n \u00f6n\u00fcnde a\u00e7\u0131k olarak yap\u0131l\u0131r. Evlendirme memuru, evleneceklerden her birine birbiriyle evlenmek isteyip istemediklerini sorar. Evlenme, taraflar\u0131n olumlu s\u00f6zl\u00fc cevaplar\u0131n\u0131 verdikleri anda olu\u015fur. Buna g\u00f6re s\u00f6zl\u00fc cevaplar\u0131n\u0131n akabinde hen\u00fcz imzalar at\u0131lmam\u0131\u015fsa dahi taraflar birbirlerinin miras\u00e7\u0131lar\u0131 da olur<\/p>\n\n\n\n<p><strong>BO\u015eANMA<\/strong><\/p>\n\n\n\n<p>Bo\u015fanma, bir evlili\u011fi veya evlilik birli\u011fini sona erdirmenin yasal s\u00fcrecidir. Evlili\u011fin hukuki g\u00f6rev ve sorumluluklar\u0131n\u0131n sona erdirilmesi, mal ve varl\u0131klar\u0131n taksimi, \u00e7ocuk velayeti ve nafakas\u0131n\u0131n tespiti ve evlili\u011fin sona ermesi ile ilgili di\u011fer konular\u0131n halledilmesini kapsar.<\/p>\n\n\n\n<p>Bo\u015fanma e\u015flerden biri veya her ikisi taraf\u0131ndan ba\u015flat\u0131labilir ve anla\u015fmal\u0131 veya \u00e7eki\u015fmeli olabilir. \u00c7eki\u015fmeli bo\u015fanmada e\u015fler mal payla\u015f\u0131m\u0131, \u00e7ocuklar\u0131n velayeti gibi bir veya daha fazla konuda anla\u015famazlar ve mahkemenin takdirine b\u0131rak\u0131rlar. Anla\u015fmal\u0131 bo\u015fanmada imzalad\u0131klar\u0131 bo\u015fanma protokol\u00fc ile mahkemeye ba\u015fvurarak evlilik birli\u011fini sona erdirebilirler. Anla\u015fmal\u0131 bo\u015fanabilmek i\u00e7in e\u015flerin en az bir y\u0131l evli kalm\u0131\u015f olmalar\u0131 ve t\u00fcm konularda anla\u015fm\u0131\u015f olmalar\u0131 gerekmektedir. Yaln\u0131zca \u00e7ocu\u011fun velayeti hususunu Mahkemenin takdirine b\u0131rakabilirler. Yine ayn\u0131 \u015fekilde protokolde yer alan velayet d\u00fczenlemesinin \u00e7ocu\u011fun \u00fcst\u00fcn yarar\u0131na ters d\u00fc\u015ft\u00fc\u011f\u00fc kanaatinde olan Mahkeme taraflar\u0131n anla\u015ft\u0131\u011f\u0131 \u015fekilde velayeti kabul etmeyip kendi takdirine g\u00f6re de\u011fi\u015fiklik yapabilir.<\/p>\n\n\n\n<p>Bo\u015fanma, genellikle stresli ve duygusal bir s\u00fcre\u00e7tir. E\u015flerin yan\u0131 s\u0131ra, bo\u015fanma \u00e7ocuklar\u0131 da etkileyebilir. Bu nedenle, bo\u015fanma i\u015flemi s\u0131ras\u0131nda bir bo\u015fanma avukat\u0131 veya aile dan\u0131\u015fman\u0131 ile \u00e7al\u0131\u015fmay\u0131 tercih etmekte fayda vard\u0131r.<\/p>\n\n\n\n<p><strong>VELAYET<\/strong><\/p>\n\n\n\n<p>Velayet, bir \u00e7ocu\u011fun bak\u0131m\u0131n\u0131, kontrol\u00fcn\u00fc ve sorumlulu\u011funu ifade eden yasal bir terimdir. Aile hukukunda, velayet tipik olarak, ebeveynlerin \u00e7ocuklar\u0131n\u0131n veya \u00e7ocuklar\u0131n\u0131n yasal ve fiziksel velayetini kimin alaca\u011f\u0131n\u0131 belirlemesi gerekebilece\u011fi bo\u015fanma veya ayr\u0131l\u0131kla ili\u015fkilendirilir.<\/p>\n\n\n\n<p>Yasal velayet, bir ebeveynin \u00e7ocuk ad\u0131na e\u011fitim, t\u0131bbi bak\u0131m ve din ile ilgili kararlar gibi \u00f6nemli kararlar alma hakk\u0131 ve sorumlulu\u011funu ifade eder. Fiziksel velayet, bir ebeveynin \u00e7ocu\u011fa bir ev sa\u011flama ve onlar\u0131n bak\u0131m\u0131yla ilgili g\u00fcnl\u00fck kararlar alma hak ve sorumlulu\u011funu ifade eder.<\/p>\n\n\n\n<p>Velayetin belirlenmesi karma\u015f\u0131k ve duygusal bir s\u00fcre\u00e7 olabilir ve genellikle \u00e7ocu\u011fun y\u00fcksek yarar\u0131, her ebeveynin \u00e7ocu\u011fun ihtiya\u00e7lar\u0131n\u0131 kar\u015f\u0131lama yetene\u011fi ve \u00e7ocu\u011fun her bir ebeveynle olan ili\u015fkisi gibi fakt\u00f6rleri i\u00e7erir. \u00c7ocu\u011fun velayetinin belirlenmesinden mahkeme sorumludur. \u00c7o\u011fu durumda, mahkeme neyin \u00e7ocu\u011fun y\u00fcksek yarar\u0131na oldu\u011funu belirlemeye \u00e7al\u0131\u015facak ve \u00e7ocu\u011fun her bir ebeveynle olan ili\u015fkisi, her bir ebeveynin \u00e7ocu\u011fun ihtiya\u00e7lar\u0131n\u0131 kar\u015f\u0131lama yetene\u011fi ve herhangi bir istismar veya istismar ge\u00e7mi\u015fi gibi fakt\u00f6rleri g\u00f6z \u00f6n\u00fcnde bulunduracakt\u0131r.<\/p>\n\n\n\n<p>Mahkemeler, \u00f6zellikle \u00e7ocu\u011fun ya\u015f\u0131n\u0131n b\u00fcy\u00fck ve tercihini ifade edecek kadar olgun olmas\u0131 durumunda \u00e7ocu\u011fun tercihlerini de dikkate alabilir. Ancak bu durumda da yine \u00e7ocu\u011fun \u00fcst\u00fcn yarar\u0131n\u0131 g\u00f6z ard\u0131 etmeyecektir.<\/p>\n\n\n\n<p><strong>VELAYET\u0130N DE\u011e\u0130\u015eT\u0130R\u0130LMES\u0130 DAVASI<\/strong><\/p>\n\n\n\n<p>Bir ebeveynin yer de\u011fi\u015ftirmesi, \u00e7ocu\u011fun ihtiya\u00e7lar\u0131nda bir de\u011fi\u015fiklik veya istismar veya ihmal kan\u0131t\u0131 gibi ko\u015fullarda \u00f6nemli bir de\u011fi\u015fiklik olmas\u0131 durumunda velayet d\u00fczenlemelerinin de\u011fi\u015ftirilebilece\u011fini belirtmek \u00f6nemlidir. Bu gibi durumlarda, bir ebeveynin mahkeme arac\u0131l\u0131\u011f\u0131yla velayet karar\u0131n\u0131n de\u011fi\u015ftirilmesi istemli velayet de\u011fi\u015fikli\u011fi davas\u0131 a\u00e7\u0131lmal\u0131d\u0131r.<\/p>\n","protected":false},"excerpt":{"rendered":"<p>Aile hukuku, evlilik, bo\u015fanma, \u00e7ocuk velayeti, nafaka, evlat edinme ve di\u011fer ilgili konular gibi aile ili\u015fkileriyle ilgili konular\u0131 ele alan bir hukuk uygulama alan\u0131d\u0131r. Aile hukukunun birincil odak noktas\u0131, aile i\u00e7i anla\u015fmazl\u0131klar veya aile ili\u015fkilerini etkileyen sorunlarla kar\u015f\u0131 kar\u015f\u0131ya kalan bireylere veya ailelere yasal \u00e7\u00f6z\u00fcmler sa\u011flamakt\u0131r. Aile hukuku konular\u0131 asil taraf\u0131ndan takip edilebilece\u011fi gibi avukat [&hellip;]<\/p>\n","protected":false},"author":1,"featured_media":136,"parent":20,"menu_order":1,"comment_status":"open","ping_status":"open","template":"","meta":{"footnotes":""},"class_list":["post-2","page","type-page","status-publish","has-post-thumbnail","hentry"],"_links":{"self":[{"href":"https:\/\/tulaycobankent.av.tr\/index.php?rest_route=\/wp\/v2\/pages\/2","targetHints":{"allow":["GET"]}}],"collection":[{"href":"https:\/\/tulaycobankent.av.tr\/index.php?rest_route=\/wp\/v2\/pages"}],"about":[{"href":"https:\/\/tulaycobankent.av.tr\/index.php?rest_route=\/wp\/v2\/types\/page"}],"author":[{"embeddable":true,"href":"https:\/\/tulaycobankent.av.tr\/index.php?rest_route=\/wp\/v2\/users\/1"}],"replies":[{"embeddable":true,"href":"https:\/\/tulaycobankent.av.tr\/index.php?rest_route=%2Fwp%2Fv2%2Fcomments&post=2"}],"version-history":[{"count":6,"href":"https:\/\/tulaycobankent.av.tr\/index.php?rest_route=\/wp\/v2\/pages\/2\/revisions"}],"predecessor-version":[{"id":140,"href":"https:\/\/tulaycobankent.av.tr\/index.php?rest_route=\/wp\/v2\/pages\/2\/revisions\/140"}],"up":[{"embeddable":true,"href":"https:\/\/tulaycobankent.av.tr\/index.php?rest_route=\/wp\/v2\/pages\/20"}],"wp:featuredmedia":[{"embeddable":true,"href":"https:\/\/tulaycobankent.av.tr\/index.php?rest_route=\/wp\/v2\/media\/136"}],"wp:attachment":[{"href":"https:\/\/tulaycobankent.av.tr\/index.php?rest_route=%2Fwp%2Fv2%2Fmedia&parent=2"}],"curies":[{"name":"wp","href":"https:\/\/api.w.org\/{rel}","templated":true}]}}