{"id":158,"date":"2023-10-02T00:17:13","date_gmt":"2023-10-01T21:17:13","guid":{"rendered":"https:\/\/tulaycobankent.av.tr\/?page_id=158"},"modified":"2023-10-02T00:17:13","modified_gmt":"2023-10-01T21:17:13","slug":"gayrimenkul-hukuku","status":"publish","type":"page","link":"https:\/\/tulaycobankent.av.tr\/?page_id=158","title":{"rendered":"Gayrimenkul Hukuku"},"content":{"rendered":"\n<p><strong>GAYR\u0130MENKUL HUKUKU<\/strong><\/p>\n\n\n\n<p>Gayrimenkul hukuku, arazi ve \u00fczerindeki herhangi bir yap\u0131 veya iyile\u015ftirme dahil olmak \u00fczere gayrimenkul\u00fcn m\u00fclkiyetini, kullan\u0131m\u0131n\u0131 ve transferini y\u00f6neten yasa ve y\u00f6netmelikler b\u00fct\u00fcn\u00fcn\u00fc ifade eder.<\/p>\n\n\n\n<p>Genel olarak, gayrimenkul hukuku, a\u015fa\u011f\u0131dakiler de dahil olmak \u00fczere \u00e7ok \u00e7e\u015fitli yasal konular\u0131 kapsar:<\/p>\n\n\n\n<p>M\u00fclkiyet m\u00fclkiyeti ve devri: Gayrimenkul hukuku, m\u00fclk\u00fcn m\u00fclkiyeti ve devri i\u00e7in kural ve prosed\u00fcrleri belirler. Bu, m\u00fclk tapular\u0131n\u0131n tescilini, tapu devrini ve m\u00fclk sahipli\u011fi ile ilgili anla\u015fmazl\u0131klar\u0131n \u00e7\u00f6z\u00fcm\u00fcn\u00fc i\u00e7erir.<\/p>\n\n\n\n<p>\u0130mar ve arazi kullan\u0131m\u0131: Gayrimenkul hukuku, arazi ve binalar\u0131n kullan\u0131m\u0131n\u0131 d\u00fczenler. Bu, gayrimenkul\u00fcn geli\u015ftirilmesini ve kullan\u0131m\u0131n\u0131 y\u00f6neten imar y\u00f6netmeliklerini, bina y\u00f6netmeliklerini ve \u00e7evre yasalar\u0131n\u0131 i\u00e7erir.<\/p>\n\n\n\n<p>Kiralamalar ve kirac\u0131l\u0131k: Gayrimenkul hukuku, ta\u015f\u0131nmazlar\u0131n kiralanmas\u0131nda ev sahiplerinin ve kirac\u0131lar\u0131n hak ve sorumluluklar\u0131n\u0131 d\u00fczenler. Bu, kira s\u00f6zle\u015fmelerinin m\u00fczakeresini ve tasla\u011f\u0131n\u0131n haz\u0131rlanmas\u0131n\u0131, kira tahsilat\u0131n\u0131 ve tahliye prosed\u00fcrlerini i\u00e7erir.<\/p>\n\n\n\n<p>\u0130potekler ve finansman: Gayrimenkul hukuku, ipotek, haciz ve haciz dahil olmak \u00fczere gayrimenkul\u00fcn finansman\u0131na ili\u015fkin kural ve prosed\u00fcrleri belirler.<\/p>\n\n\n\n<p>Gayrimenkul i\u015flemleri: Gayrimenkul hukuku, gayrimenkul al\u0131m sat\u0131m\u0131n\u0131n yasal y\u00f6nlerini d\u00fczenler. Bu, sat\u0131n alma s\u00f6zle\u015fmelerinin m\u00fczakeresini ve tasla\u011f\u0131n\u0131n haz\u0131rlanmas\u0131n\u0131, tapu aramalar\u0131n\u0131 ve kapan\u0131\u015f prosed\u00fcrlerini i\u00e7erir.<\/p>\n\n\n\n<p>Genel olarak, emlak hukuku, m\u00fclkiyet haklar\u0131n\u0131n korunmas\u0131n\u0131 ve i\u015flemlerin adil ve verimli bir \u015fekilde y\u00fcr\u00fct\u00fclmesini sa\u011flayarak emlak piyasas\u0131n\u0131n i\u015fleyi\u015finde \u00f6nemli bir rol oynar. Bu alanda \u00e7ok fazla kanun ve y\u00f6netmelik bulundu\u011fundan hak kayb\u0131na u\u011framamak ad\u0131na alan\u0131nda uzman avukat arac\u0131l\u0131\u011f\u0131 ile \u00e7al\u0131\u015fman\u0131z faydan\u0131za olacakt\u0131r.<\/p>\n","protected":false},"excerpt":{"rendered":"<p>GAYR\u0130MENKUL HUKUKU Gayrimenkul hukuku, arazi ve \u00fczerindeki herhangi bir yap\u0131 veya iyile\u015ftirme dahil olmak \u00fczere gayrimenkul\u00fcn m\u00fclkiyetini, kullan\u0131m\u0131n\u0131 ve transferini y\u00f6neten yasa ve y\u00f6netmelikler b\u00fct\u00fcn\u00fcn\u00fc ifade eder. Genel olarak, gayrimenkul hukuku, a\u015fa\u011f\u0131dakiler de dahil olmak \u00fczere \u00e7ok \u00e7e\u015fitli yasal konular\u0131 kapsar: M\u00fclkiyet m\u00fclkiyeti ve devri: Gayrimenkul hukuku, m\u00fclk\u00fcn m\u00fclkiyeti ve devri i\u00e7in kural ve prosed\u00fcrleri [&hellip;]<\/p>\n","protected":false},"author":1,"featured_media":160,"parent":20,"menu_order":6,"comment_status":"open","ping_status":"closed","template":"","meta":{"footnotes":""},"class_list":["post-158","page","type-page","status-publish","has-post-thumbnail","hentry"],"_links":{"self":[{"href":"https:\/\/tulaycobankent.av.tr\/index.php?rest_route=\/wp\/v2\/pages\/158","targetHints":{"allow":["GET"]}}],"collection":[{"href":"https:\/\/tulaycobankent.av.tr\/index.php?rest_route=\/wp\/v2\/pages"}],"about":[{"href":"https:\/\/tulaycobankent.av.tr\/index.php?rest_route=\/wp\/v2\/types\/page"}],"author":[{"embeddable":true,"href":"https:\/\/tulaycobankent.av.tr\/index.php?rest_route=\/wp\/v2\/users\/1"}],"replies":[{"embeddable":true,"href":"https:\/\/tulaycobankent.av.tr\/index.php?rest_route=%2Fwp%2Fv2%2Fcomments&post=158"}],"version-history":[{"count":1,"href":"https:\/\/tulaycobankent.av.tr\/index.php?rest_route=\/wp\/v2\/pages\/158\/revisions"}],"predecessor-version":[{"id":161,"href":"https:\/\/tulaycobankent.av.tr\/index.php?rest_route=\/wp\/v2\/pages\/158\/revisions\/161"}],"up":[{"embeddable":true,"href":"https:\/\/tulaycobankent.av.tr\/index.php?rest_route=\/wp\/v2\/pages\/20"}],"wp:featuredmedia":[{"embeddable":true,"href":"https:\/\/tulaycobankent.av.tr\/index.php?rest_route=\/wp\/v2\/media\/160"}],"wp:attachment":[{"href":"https:\/\/tulaycobankent.av.tr\/index.php?rest_route=%2Fwp%2Fv2%2Fmedia&parent=158"}],"curies":[{"name":"wp","href":"https:\/\/api.w.org\/{rel}","templated":true}]}}