{"id":155,"date":"2023-10-02T00:14:53","date_gmt":"2023-10-01T21:14:53","guid":{"rendered":"https:\/\/tulaycobankent.av.tr\/?page_id=155"},"modified":"2023-10-02T00:14:54","modified_gmt":"2023-10-01T21:14:54","slug":"tazminat-hukuku","status":"publish","type":"page","link":"https:\/\/tulaycobankent.av.tr\/?page_id=155","title":{"rendered":"Tazminat Hukuku"},"content":{"rendered":"\n<p><strong>TAZM\u0130NAT HUKUKU<\/strong><\/p>\n\n\n\n<p>Tazminat hukuku, bir ba\u015fkas\u0131n\u0131n ihmali, umursamazl\u0131\u011f\u0131 veya kas\u0131tl\u0131 davran\u0131\u015f\u0131 sonucunda zarar g\u00f6ren veya yaralanan bireylere sunulan yasal haklar ve \u00e7arelerle ilgilenen bir hukuk alan\u0131d\u0131r. Tazminat yasas\u0131n\u0131n amac\u0131, ma\u011fdurlara maruz kald\u0131klar\u0131 kay\u0131p ve zararlar i\u00e7in t\u0131bbi giderler, gelir kayb\u0131, ac\u0131 ve \u0131st\u0131rap ve di\u011fer ilgili maliyetler dahil olmak \u00fczere tazminat sa\u011flamakt\u0131r.<\/p>\n\n\n\n<p>Tazminat yasas\u0131, araba kazalar\u0131ndan kaynaklanan ki\u015fisel yaralanma iddialar\u0131, kayma ve d\u00fc\u015fme kazalar\u0131, t\u0131bbi uygulama hatas\u0131, i\u015fyeri yaralanmalar\u0131 ve \u00fcr\u00fcn sorumlulu\u011fu iddialar\u0131 dahil olmak \u00fczere \u00e7ok \u00e7e\u015fitli durumlar\u0131 kapsayabilir. Ayr\u0131ca, bir aile \u00fcyesinin bir ba\u015fkas\u0131n\u0131n ihmali veya suiistimali sonucu \u00f6ld\u00fc\u011f\u00fc hallerde, haks\u0131z yere \u00f6l\u00fcme ili\u015fkin tazminat taleplerini de kapsayabilir.<\/p>\n\n\n\n<p>\u00c7o\u011fu durumda, tazminat hukuku, sigorta \u015firketleri veya yaralanma veya zarardan sorumlu olabilecek di\u011fer taraflarla m\u00fczakereleri i\u00e7erir. Baz\u0131 durumlarda, ma\u011fdur i\u00e7in tazminat almak i\u00e7in dava a\u00e7mak gerekli olabilir. Tazminat yasas\u0131 ile ula\u015f\u0131lmak istenilen, bireylerin ve \u015firketlerin ba\u015fkalar\u0131na zarar vermemek i\u00e7in makul \u00f6zen g\u00f6stermesini ve eylemleri veya eylemsizlikleri nedeniyle zarar g\u00f6renleri tazmin etmesini sa\u011flamakt\u0131r.<\/p>\n\n\n\n<p>Tazminat yasas\u0131n\u0131 d\u00fczenleyen belirli yasa ve y\u00f6netmelikler her olay\u0131n \u00f6zelli\u011fine g\u00f6re farkl\u0131 hukuki bir s\u00fcreci gerektirdi\u011finden avukat arac\u0131l\u0131\u011f\u0131 ile takip edilmesinde yarar vard\u0131r.<\/p>\n","protected":false},"excerpt":{"rendered":"<p>TAZM\u0130NAT HUKUKU Tazminat hukuku, bir ba\u015fkas\u0131n\u0131n ihmali, umursamazl\u0131\u011f\u0131 veya kas\u0131tl\u0131 davran\u0131\u015f\u0131 sonucunda zarar g\u00f6ren veya yaralanan bireylere sunulan yasal haklar ve \u00e7arelerle ilgilenen bir hukuk alan\u0131d\u0131r. Tazminat yasas\u0131n\u0131n amac\u0131, ma\u011fdurlara maruz kald\u0131klar\u0131 kay\u0131p ve zararlar i\u00e7in t\u0131bbi giderler, gelir kayb\u0131, ac\u0131 ve \u0131st\u0131rap ve di\u011fer ilgili maliyetler dahil olmak \u00fczere tazminat sa\u011flamakt\u0131r. Tazminat yasas\u0131, araba [&hellip;]<\/p>\n","protected":false},"author":1,"featured_media":156,"parent":20,"menu_order":6,"comment_status":"open","ping_status":"closed","template":"","meta":{"footnotes":""},"class_list":["post-155","page","type-page","status-publish","has-post-thumbnail","hentry"],"_links":{"self":[{"href":"https:\/\/tulaycobankent.av.tr\/index.php?rest_route=\/wp\/v2\/pages\/155","targetHints":{"allow":["GET"]}}],"collection":[{"href":"https:\/\/tulaycobankent.av.tr\/index.php?rest_route=\/wp\/v2\/pages"}],"about":[{"href":"https:\/\/tulaycobankent.av.tr\/index.php?rest_route=\/wp\/v2\/types\/page"}],"author":[{"embeddable":true,"href":"https:\/\/tulaycobankent.av.tr\/index.php?rest_route=\/wp\/v2\/users\/1"}],"replies":[{"embeddable":true,"href":"https:\/\/tulaycobankent.av.tr\/index.php?rest_route=%2Fwp%2Fv2%2Fcomments&post=155"}],"version-history":[{"count":1,"href":"https:\/\/tulaycobankent.av.tr\/index.php?rest_route=\/wp\/v2\/pages\/155\/revisions"}],"predecessor-version":[{"id":157,"href":"https:\/\/tulaycobankent.av.tr\/index.php?rest_route=\/wp\/v2\/pages\/155\/revisions\/157"}],"up":[{"embeddable":true,"href":"https:\/\/tulaycobankent.av.tr\/index.php?rest_route=\/wp\/v2\/pages\/20"}],"wp:featuredmedia":[{"embeddable":true,"href":"https:\/\/tulaycobankent.av.tr\/index.php?rest_route=\/wp\/v2\/media\/156"}],"wp:attachment":[{"href":"https:\/\/tulaycobankent.av.tr\/index.php?rest_route=%2Fwp%2Fv2%2Fmedia&parent=155"}],"curies":[{"name":"wp","href":"https:\/\/api.w.org\/{rel}","templated":true}]}}