{"id":151,"date":"2023-10-02T00:11:28","date_gmt":"2023-10-01T21:11:28","guid":{"rendered":"https:\/\/tulaycobankent.av.tr\/?page_id=151"},"modified":"2023-10-02T00:11:28","modified_gmt":"2023-10-01T21:11:28","slug":"miras-hukuku-2","status":"publish","type":"page","link":"https:\/\/tulaycobankent.av.tr\/?page_id=151","title":{"rendered":"Miras Hukuku"},"content":{"rendered":"\n<p><strong>M\u0130RAS HUKUKU<\/strong><\/p>\n\n\n\n<p>Miras hukuku, bir ki\u015finin mallar\u0131n\u0131n ve varl\u0131klar\u0131n\u0131n \u00f6l\u00fcm\u00fcnden sonra da\u011f\u0131t\u0131m\u0131n\u0131 y\u00f6neten yasa ve y\u00f6netmelikler b\u00fct\u00fcn\u00fcn\u00fc ifade eder.<\/p>\n\n\n\n<p>Terekenin miras\u00e7\u0131lar aras\u0131nda payla\u015ft\u0131r\u0131lmas\u0131na ili\u015fkin kurallar, \u00f6len ki\u015fi ile miras\u00e7\u0131lar\u0131 aras\u0131ndaki aile ili\u015fkisine ba\u011fl\u0131d\u0131r. \u00d6rne\u011fin, \u00f6len ki\u015finin hayatta olan e\u015fi ve \u00e7ocuklar\u0131 varsa, miras\u0131n d\u00f6rtte biri e\u015fe, kalan d\u00f6rtte \u00fc\u00e7\u00fc de \u00e7ocuklar\u0131 e\u015fit olarak payla\u015ft\u0131r\u0131l\u0131r. \u00d6len ki\u015finin hayatta e\u015fi veya \u00e7ocu\u011fu yoksa, miras onlar\u0131n anne ve baba aras\u0131nda bir tak\u0131m kurallara g\u00f6re taksim edilir.<\/p>\n\n\n\n<p>T\u00fcrk miras hukukunun, \u00f6len ki\u015finin m\u00fclk\u00fcn\u00fc kendi isteklerine g\u00f6re da\u011f\u0131tmas\u0131na izin veren bir vasiyetname yapma imkan\u0131 da sa\u011flad\u0131\u011f\u0131na dikkat etmek \u00f6nemlidir. Ancak vasiyetnamenin belirli yasal gerekliliklere uymas\u0131 gerekir ve sakl\u0131 miras\u00e7\u0131lar vasiyet h\u00fck\u00fcmlerine ayk\u0131r\u0131 olsa bile terekeden paylar\u0131na d\u00fc\u015feni al\u0131rlar.<\/p>\n\n\n\n<p>Genel olarak, T\u00fcrk miras hukuku, \u00f6len bir ki\u015finin mallar\u0131n\u0131n miras\u00e7\u0131lar\u0131 aras\u0131nda adil ve d\u00fczenli bir \u015fekilde da\u011f\u0131t\u0131lmas\u0131 i\u00e7in bir \u00e7er\u00e7eve sa\u011flarken, sakl\u0131 miras\u00e7\u0131lar\u0131n da yeterince korunmas\u0131n\u0131 sa\u011flar.<\/p>\n\n\n\n<p>Miras hukuku, bir ki\u015finin m\u00fclk\u00fcn\u00fcn ve varl\u0131klar\u0131n\u0131n \u00f6l\u00fcm\u00fcnden sonra da\u011f\u0131t\u0131m\u0131 \u00fczerinde \u00f6nemli etkileri olabilece\u011finden, emlak planlamas\u0131n\u0131n \u00f6nemli bir y\u00f6n\u00fcd\u00fcr. Bu nedenle, m\u00fclk\u00fcn\u00fcz\u00fc planlarken, isteklerinizin uygun \u015fekilde belgelendi\u011finden ve yasal olarak uygulanabilir oldu\u011fundan emin olmak i\u00e7in nitelikli bir hukuk uzman\u0131na dan\u0131\u015fman\u0131z \u00e7ok \u00f6nemlidir.<\/p>\n","protected":false},"excerpt":{"rendered":"<p>M\u0130RAS HUKUKU Miras hukuku, bir ki\u015finin mallar\u0131n\u0131n ve varl\u0131klar\u0131n\u0131n \u00f6l\u00fcm\u00fcnden sonra da\u011f\u0131t\u0131m\u0131n\u0131 y\u00f6neten yasa ve y\u00f6netmelikler b\u00fct\u00fcn\u00fcn\u00fc ifade eder. Terekenin miras\u00e7\u0131lar aras\u0131nda payla\u015ft\u0131r\u0131lmas\u0131na ili\u015fkin kurallar, \u00f6len ki\u015fi ile miras\u00e7\u0131lar\u0131 aras\u0131ndaki aile ili\u015fkisine ba\u011fl\u0131d\u0131r. \u00d6rne\u011fin, \u00f6len ki\u015finin hayatta olan e\u015fi ve \u00e7ocuklar\u0131 varsa, miras\u0131n d\u00f6rtte biri e\u015fe, kalan d\u00f6rtte \u00fc\u00e7\u00fc de \u00e7ocuklar\u0131 e\u015fit olarak payla\u015ft\u0131r\u0131l\u0131r. \u00d6len [&hellip;]<\/p>\n","protected":false},"author":1,"featured_media":93,"parent":20,"menu_order":5,"comment_status":"open","ping_status":"closed","template":"","meta":{"footnotes":""},"class_list":["post-151","page","type-page","status-publish","has-post-thumbnail","hentry"],"_links":{"self":[{"href":"https:\/\/tulaycobankent.av.tr\/index.php?rest_route=\/wp\/v2\/pages\/151","targetHints":{"allow":["GET"]}}],"collection":[{"href":"https:\/\/tulaycobankent.av.tr\/index.php?rest_route=\/wp\/v2\/pages"}],"about":[{"href":"https:\/\/tulaycobankent.av.tr\/index.php?rest_route=\/wp\/v2\/types\/page"}],"author":[{"embeddable":true,"href":"https:\/\/tulaycobankent.av.tr\/index.php?rest_route=\/wp\/v2\/users\/1"}],"replies":[{"embeddable":true,"href":"https:\/\/tulaycobankent.av.tr\/index.php?rest_route=%2Fwp%2Fv2%2Fcomments&post=151"}],"version-history":[{"count":2,"href":"https:\/\/tulaycobankent.av.tr\/index.php?rest_route=\/wp\/v2\/pages\/151\/revisions"}],"predecessor-version":[{"id":153,"href":"https:\/\/tulaycobankent.av.tr\/index.php?rest_route=\/wp\/v2\/pages\/151\/revisions\/153"}],"up":[{"embeddable":true,"href":"https:\/\/tulaycobankent.av.tr\/index.php?rest_route=\/wp\/v2\/pages\/20"}],"wp:featuredmedia":[{"embeddable":true,"href":"https:\/\/tulaycobankent.av.tr\/index.php?rest_route=\/wp\/v2\/media\/93"}],"wp:attachment":[{"href":"https:\/\/tulaycobankent.av.tr\/index.php?rest_route=%2Fwp%2Fv2%2Fmedia&parent=151"}],"curies":[{"name":"wp","href":"https:\/\/api.w.org\/{rel}","templated":true}]}}