{"id":147,"date":"2023-10-02T00:07:45","date_gmt":"2023-10-01T21:07:45","guid":{"rendered":"https:\/\/tulaycobankent.av.tr\/?page_id=147"},"modified":"2023-10-02T00:07:45","modified_gmt":"2023-10-01T21:07:45","slug":"is-hukuku","status":"publish","type":"page","link":"https:\/\/tulaycobankent.av.tr\/?page_id=147","title":{"rendered":"\u0130\u015e HUKUKU"},"content":{"rendered":"\n<p><strong>\u0130\u015e HUKUKU<\/strong><\/p>\n\n\n\n<p>&nbsp;&nbsp;&nbsp;&nbsp;&nbsp;&nbsp;&nbsp;&nbsp;&nbsp;&nbsp;&nbsp;&nbsp;&nbsp;&nbsp; \u0130\u015f hukuku, i\u015fyerinde i\u015fverenler ve \u00e7al\u0131\u015fanlar aras\u0131ndaki ili\u015fkiyi d\u00fczenleyen yasa ve y\u00f6netmelikler b\u00fct\u00fcn\u00fcn\u00fc ifade eder. \u00dccretler ve \u00e7al\u0131\u015fma saatleri, i\u015fe iade, hizmet tespiti, i\u015f yeri g\u00fcvenli\u011fi, ayr\u0131mc\u0131l\u0131k ve toplu i\u015f s\u00f6zle\u015fmeleri dahil olmak \u00fczere istihdamla ilgili \u00e7ok \u00e7e\u015fitli yasal konular\u0131 kapsar.<\/p>\n\n\n\n<p>\u0130\u015f hukuku karma\u015f\u0131k ve s\u00fcrekli geli\u015fen bir hukuk alan\u0131d\u0131r ve i\u015fverenler ve \u00e7al\u0131\u015fanlar i\u00e7in yasal geli\u015fmelerden haberdar olmak ve i\u015fle ilgili meseleleri ele al\u0131rken deneyimli hukuk\u00e7ulardan tavsiye almak \u00f6nemlidir.<\/p>\n","protected":false},"excerpt":{"rendered":"<p>\u0130\u015e HUKUKU &nbsp;&nbsp;&nbsp;&nbsp;&nbsp;&nbsp;&nbsp;&nbsp;&nbsp;&nbsp;&nbsp;&nbsp;&nbsp;&nbsp; \u0130\u015f hukuku, i\u015fyerinde i\u015fverenler ve \u00e7al\u0131\u015fanlar aras\u0131ndaki ili\u015fkiyi d\u00fczenleyen yasa ve y\u00f6netmelikler b\u00fct\u00fcn\u00fcn\u00fc ifade eder. \u00dccretler ve \u00e7al\u0131\u015fma saatleri, i\u015fe iade, hizmet tespiti, i\u015f yeri g\u00fcvenli\u011fi, ayr\u0131mc\u0131l\u0131k ve toplu i\u015f s\u00f6zle\u015fmeleri dahil olmak \u00fczere istihdamla ilgili \u00e7ok \u00e7e\u015fitli yasal konular\u0131 kapsar. \u0130\u015f hukuku karma\u015f\u0131k ve s\u00fcrekli geli\u015fen bir hukuk alan\u0131d\u0131r ve i\u015fverenler [&hellip;]<\/p>\n","protected":false},"author":1,"featured_media":148,"parent":20,"menu_order":5,"comment_status":"open","ping_status":"closed","template":"","meta":{"footnotes":""},"class_list":["post-147","page","type-page","status-publish","has-post-thumbnail","hentry"],"_links":{"self":[{"href":"https:\/\/tulaycobankent.av.tr\/index.php?rest_route=\/wp\/v2\/pages\/147","targetHints":{"allow":["GET"]}}],"collection":[{"href":"https:\/\/tulaycobankent.av.tr\/index.php?rest_route=\/wp\/v2\/pages"}],"about":[{"href":"https:\/\/tulaycobankent.av.tr\/index.php?rest_route=\/wp\/v2\/types\/page"}],"author":[{"embeddable":true,"href":"https:\/\/tulaycobankent.av.tr\/index.php?rest_route=\/wp\/v2\/users\/1"}],"replies":[{"embeddable":true,"href":"https:\/\/tulaycobankent.av.tr\/index.php?rest_route=%2Fwp%2Fv2%2Fcomments&post=147"}],"version-history":[{"count":1,"href":"https:\/\/tulaycobankent.av.tr\/index.php?rest_route=\/wp\/v2\/pages\/147\/revisions"}],"predecessor-version":[{"id":149,"href":"https:\/\/tulaycobankent.av.tr\/index.php?rest_route=\/wp\/v2\/pages\/147\/revisions\/149"}],"up":[{"embeddable":true,"href":"https:\/\/tulaycobankent.av.tr\/index.php?rest_route=\/wp\/v2\/pages\/20"}],"wp:featuredmedia":[{"embeddable":true,"href":"https:\/\/tulaycobankent.av.tr\/index.php?rest_route=\/wp\/v2\/media\/148"}],"wp:attachment":[{"href":"https:\/\/tulaycobankent.av.tr\/index.php?rest_route=%2Fwp%2Fv2%2Fmedia&parent=147"}],"curies":[{"name":"wp","href":"https:\/\/api.w.org\/{rel}","templated":true}]}}