{"id":117,"date":"2023-09-25T12:02:55","date_gmt":"2023-09-25T09:02:55","guid":{"rendered":"https:\/\/tulaycobankent.av.tr\/?page_id=117"},"modified":"2023-10-01T23:59:17","modified_gmt":"2023-10-01T20:59:17","slug":"miras-hukuku","status":"publish","type":"page","link":"https:\/\/tulaycobankent.av.tr\/?page_id=117","title":{"rendered":"Sigorta Hukuku"},"content":{"rendered":"\n<p><strong>S\u0130GORTA HUKUKU<\/strong><\/p>\n\n\n\n<p>Sigorta hukuku, sigorta \u015firketleri ile poli\u00e7e sahipleri aras\u0131ndaki ili\u015fkiyi d\u00fczenleyen yasal kurallar b\u00fct\u00fcn\u00fcn\u00fc ifade eder. Sigorta s\u00f6zle\u015fmelerinin olu\u015fumu ve icras\u0131ndan, hem sigortac\u0131n\u0131n hem de sigortal\u0131n\u0131n g\u00f6rev ve y\u00fck\u00fcml\u00fcl\u00fcklerinden, taraflar aras\u0131nda do\u011fabilecek uyu\u015fmazl\u0131klar\u0131n \u00e7\u00f6z\u00fcm\u00fcne kadar sigortac\u0131l\u0131kla ilgili \u00e7ok geni\u015f bir yelpazeyi kapsar.<\/p>\n\n\n\n<p>Sigorta hukuku, sigorta \u015firketler, poli\u00e7e sahipleri veya ilgili \u00fc\u00e7\u00fcnc\u00fc ki\u015filer aras\u0131ndaki uyu\u015fmazl\u0131klar\u0131n tahkim, arabuluculuk ve dava dahil olmak \u00fczere \u00e7e\u015fitli \u00e7\u00f6z\u00fcm yollar\u0131n\u0131 sa\u011flar. Kaza sonras\u0131nda tazminat sahipleri kazazedeler olay\u0131n ko\u015fullar\u0131na g\u00f6re kusur durumu, vergilendirilmi\u015f son maa\u015f \u00fccretleri ve maluliyet oranlar\u0131 uyar\u0131nca yap\u0131lan akt\u00fcer hesab\u0131 uyar\u0131nca bir tazminat miktar\u0131na uygun g\u00f6r\u00fcl\u00fcr.&nbsp; Sigorta hukuku karma\u015f\u0131k ve s\u00fcrekli geli\u015fen bir hukuk alan\u0131d\u0131r ve bireylerin ve i\u015fletmelerin sigortayla ilgili sorunlarla u\u011fra\u015f\u0131rken deneyimli hukuk\u00e7ulardan tavsiye almas\u0131 \u00f6nemlidir.<\/p>\n","protected":false},"excerpt":{"rendered":"<p>S\u0130GORTA HUKUKU Sigorta hukuku, sigorta \u015firketleri ile poli\u00e7e sahipleri aras\u0131ndaki ili\u015fkiyi d\u00fczenleyen yasal kurallar b\u00fct\u00fcn\u00fcn\u00fc ifade eder. Sigorta s\u00f6zle\u015fmelerinin olu\u015fumu ve icras\u0131ndan, hem sigortac\u0131n\u0131n hem de sigortal\u0131n\u0131n g\u00f6rev ve y\u00fck\u00fcml\u00fcl\u00fcklerinden, taraflar aras\u0131nda do\u011fabilecek uyu\u015fmazl\u0131klar\u0131n \u00e7\u00f6z\u00fcm\u00fcne kadar sigortac\u0131l\u0131kla ilgili \u00e7ok geni\u015f bir yelpazeyi kapsar. Sigorta hukuku, sigorta \u015firketler, poli\u00e7e sahipleri veya ilgili \u00fc\u00e7\u00fcnc\u00fc ki\u015filer aras\u0131ndaki uyu\u015fmazl\u0131klar\u0131n [&hellip;]<\/p>\n","protected":false},"author":1,"featured_media":89,"parent":20,"menu_order":4,"comment_status":"open","ping_status":"closed","template":"","meta":{"footnotes":""},"class_list":["post-117","page","type-page","status-publish","has-post-thumbnail","hentry"],"_links":{"self":[{"href":"https:\/\/tulaycobankent.av.tr\/index.php?rest_route=\/wp\/v2\/pages\/117","targetHints":{"allow":["GET"]}}],"collection":[{"href":"https:\/\/tulaycobankent.av.tr\/index.php?rest_route=\/wp\/v2\/pages"}],"about":[{"href":"https:\/\/tulaycobankent.av.tr\/index.php?rest_route=\/wp\/v2\/types\/page"}],"author":[{"embeddable":true,"href":"https:\/\/tulaycobankent.av.tr\/index.php?rest_route=\/wp\/v2\/users\/1"}],"replies":[{"embeddable":true,"href":"https:\/\/tulaycobankent.av.tr\/index.php?rest_route=%2Fwp%2Fv2%2Fcomments&post=117"}],"version-history":[{"count":4,"href":"https:\/\/tulaycobankent.av.tr\/index.php?rest_route=\/wp\/v2\/pages\/117\/revisions"}],"predecessor-version":[{"id":146,"href":"https:\/\/tulaycobankent.av.tr\/index.php?rest_route=\/wp\/v2\/pages\/117\/revisions\/146"}],"up":[{"embeddable":true,"href":"https:\/\/tulaycobankent.av.tr\/index.php?rest_route=\/wp\/v2\/pages\/20"}],"wp:featuredmedia":[{"embeddable":true,"href":"https:\/\/tulaycobankent.av.tr\/index.php?rest_route=\/wp\/v2\/media\/89"}],"wp:attachment":[{"href":"https:\/\/tulaycobankent.av.tr\/index.php?rest_route=%2Fwp%2Fv2%2Fmedia&parent=117"}],"curies":[{"name":"wp","href":"https:\/\/api.w.org\/{rel}","templated":true}]}}